{"id":32601,"date":"2013-06-08T14:50:43","date_gmt":"2013-06-08T12:50:43","guid":{"rendered":"https:\/\/rosarioandfriends.sk\/prenotazione\/"},"modified":"2013-06-08T14:50:43","modified_gmt":"2013-06-08T12:50:43","slug":"prenotazione","status":"publish","type":"page","link":"https:\/\/rosarioandfriends.sk\/it\/prenotazione\/","title":{"rendered":"Prenotazione"},"content":{"rendered":"<div class=\"section-title\" style=\"text-align: center;\">\n<h3>Rezerv\u00e1cia<\/h3>\n<p class=\"subtitle\">Rezervujte si st\u00f4l online<\/p>\n<p>&nbsp;<\/p>\n<p>Va\u0161e rezerv\u00e1cie prij\u00edmame telefonicky na <strong>+421 918 374 132<\/strong><\/p>\n<p>Te\u0161\u00edme sa na va\u0161u n\u00e1v\u0161tevu.<\/p>\n<p>Your reservations are accepted by phone <strong>+421 918 374 132<\/strong><\/p>\n<p>Looking forward to your visit.<\/p>\n<p>Accettiamo la prenotazione per telefono a <strong>+421 918 374 132<\/strong><\/p>\n<p>In attesa della vostra visita.<\/p>\n<\/div>\n","protected":false},"excerpt":{"rendered":"<p><a  href=\"https:\/\/rosarioandfriends.sk\/rezervacia\/\">Rezerv\u00e1cia<\/a> Rezervujte si st\u00f4l online &nbsp; Va\u0161e rezerv\u00e1cie prij\u00edmame telefonicky na +421 918 374 132 Te\u0161\u00edme sa na va\u0161u n\u00e1v\u0161tevu. Your reservations are accepted by phone +421 918 374 132&#8230;<\/p>\n","protected":false},"author":1,"featured_media":31513,"parent":0,"menu_order":29,"comment_status":"closed","ping_status":"closed","template":"","meta":{"footnotes":""},"acf":[],"_links":{"self":[{"href":"https:\/\/rosarioandfriends.sk\/it\/wp-json\/wp\/v2\/pages\/32601"}],"collection":[{"href":"https:\/\/rosarioandfriends.sk\/it\/wp-json\/wp\/v2\/pages"}],"about":[{"href":"https:\/\/rosarioandfriends.sk\/it\/wp-json\/wp\/v2\/types\/page"}],"author":[{"embeddable":true,"href":"https:\/\/rosarioandfriends.sk\/it\/wp-json\/wp\/v2\/users\/1"}],"replies":[{"embeddable":true,"href":"https:\/\/rosarioandfriends.sk\/it\/wp-json\/wp\/v2\/comments?post=32601"}],"version-history":[{"count":0,"href":"https:\/\/rosarioandfriends.sk\/it\/wp-json\/wp\/v2\/pages\/32601\/revisions"}],"wp:featuredmedia":[{"embeddable":true,"href":"https:\/\/rosarioandfriends.sk\/it\/wp-json\/wp\/v2\/media\/31513"}],"wp:attachment":[{"href":"https:\/\/rosarioandfriends.sk\/it\/wp-json\/wp\/v2\/media?parent=32601"}],"curies":[{"name":"wp","href":"https:\/\/api.w.org\/{rel}","templated":true}]}}