{"id":32592,"date":"2013-06-08T14:51:12","date_gmt":"2013-06-08T12:51:12","guid":{"rendered":"https:\/\/rosarioandfriends.sk\/contact\/"},"modified":"2013-06-08T14:51:12","modified_gmt":"2013-06-08T12:51:12","slug":"contact","status":"publish","type":"page","link":"https:\/\/rosarioandfriends.sk\/en\/contact\/","title":{"rendered":"Contact"},"content":{"rendered":"<h2><strong>FRIENDS &amp; ROSARIO ristorante<\/strong><\/h2>\n<p>\u0160PIT\u00c1LSKA 2<br \/>\n949 01 NITRA<\/p>\n<p>Fina NR s.r.o.<br \/>\n<span class=\"ra\">\u013dudov\u00edta \u010cul\u00e1ka <\/span><span class=\"ra\">1626\/11<\/span><br \/>\n949 01 NITRA<br \/>\nI\u010cO:50 412 949<br \/>\nObchodn\u00fd register Okresn\u00e9ho s\u00fadu Nitra vlo\u017eka \u010d\u00edslo: 41194\/N<\/p>\n<h3>Te\u0161\u00edme sa na Va\u0161u n\u00e1v\u0161tevu! \/ Looking forward to your visit! \/ In attesa della vostra visita!<\/h3>\n<p>Va\u0161e objedn\u00e1vky prij\u00edmame na tel. \u010d\u00edsle: <b>0918 374 132<\/b><br \/>\nWe accept your orders on tel. number: <b> 0918 374 132<\/b><br \/>\nAccettiamo i tuoi ordini su tel. numero: <b>0918 374 132<\/b><\/p>\n<p>Va\u0161e n\u00e1zory, pripomienky a koment\u00e1re m\u00f4\u017eete posiela\u0165 na<br \/>\nYou can post your opinions, and comments to<br \/>\nLe vostre opinioni, suggerimenti e commenti possono essere inviati a<\/p>\n<p><a href=\"mailto:info@rosarioandfriends.sk\"><br \/>\n<strong>info@rosarioandfriends.sk<\/strong><\/a><\/p>\n<p><strong><a href=\"https:\/\/m.me\/www.friendsrestaurant.sk\" target=\"_blank\" rel=\"noopener noreferrer\">FACEBOOK<\/a><\/strong><\/p>\n","protected":false},"excerpt":{"rendered":"<p>FRIENDS &amp; ROSARIO ristorante \u0160PIT\u00c1LSKA 2 949 01 NITRA Fina NR s.r.o. \u013dudov\u00edta \u010cul\u00e1ka 1626\/11 949 01 NITRA I\u010cO:50 412 949 Obchodn\u00fd register Okresn\u00e9ho s\u00fadu Nitra vlo\u017eka \u010d\u00edslo: 41194\/N Te\u0161\u00edme&#8230;<\/p>\n","protected":false},"author":1,"featured_media":31518,"parent":0,"menu_order":16,"comment_status":"closed","ping_status":"closed","template":"","meta":{"footnotes":""},"acf":[],"_links":{"self":[{"href":"https:\/\/rosarioandfriends.sk\/en\/wp-json\/wp\/v2\/pages\/32592"}],"collection":[{"href":"https:\/\/rosarioandfriends.sk\/en\/wp-json\/wp\/v2\/pages"}],"about":[{"href":"https:\/\/rosarioandfriends.sk\/en\/wp-json\/wp\/v2\/types\/page"}],"author":[{"embeddable":true,"href":"https:\/\/rosarioandfriends.sk\/en\/wp-json\/wp\/v2\/users\/1"}],"replies":[{"embeddable":true,"href":"https:\/\/rosarioandfriends.sk\/en\/wp-json\/wp\/v2\/comments?post=32592"}],"version-history":[{"count":0,"href":"https:\/\/rosarioandfriends.sk\/en\/wp-json\/wp\/v2\/pages\/32592\/revisions"}],"wp:featuredmedia":[{"embeddable":true,"href":"https:\/\/rosarioandfriends.sk\/en\/wp-json\/wp\/v2\/media\/31518"}],"wp:attachment":[{"href":"https:\/\/rosarioandfriends.sk\/en\/wp-json\/wp\/v2\/media?parent=32592"}],"curies":[{"name":"wp","href":"https:\/\/api.w.org\/{rel}","templated":true}]}}